{"id":90,"date":"2016-02-27T17:20:04","date_gmt":"2016-02-27T17:20:04","guid":{"rendered":"http:\/\/localhost\/?page_id=90"},"modified":"2016-05-29T17:12:12","modified_gmt":"2016-05-29T17:12:12","slug":"gestion-forestal","status":"publish","type":"page","link":"https:\/\/xn--fincasbaobre-hhb.com\/web2\/gestion-forestal\/","title":{"rendered":"Gestion Forestal"},"content":{"rendered":"<p>[vc_row][vc_column][vc_single_image image=&#8221;122&#8243; img_size=&#8221;medium&#8221; alignment=&#8221;center&#8221; style=&#8221;vc_box_shadow_3d&#8221;][\/vc_column][\/vc_row][vc_row][vc_column][vc_separator border_width=&#8221;3&#8243; el_width=&#8221;80&#8243;][\/vc_column][\/vc_row][vc_row][vc_column][vc_column_text]<\/p>\n<p style=\"text-align: justify;\"><strong>GESTI\u00d3N FORESTAL BA\u00d1OBRE,<\/strong> es una empresa cuyos or\u00edgenes datan de los a\u00f1os cuarenta, donde los antepasados de la familia Ba\u00f1obre, ya dispon\u00eda de una serrer\u00eda natural en el lugar do O Coto, en la localidad coru\u00f1esa de Mi\u00f1o. Desde esa fecha, la tradici\u00f3n maderera de la familia Ba\u00f1obre ha continuado de manera ininterrumpida y en la actualidad se ha ido adaptando a las necesidades y tecnolog\u00eda del momento.<\/p>\n<p style=\"text-align: justify;\">Dedicada principalmente a la realizaci\u00f3n de trabajos forestales y el \u00a0asesoramiento para una adecuada conservaci\u00f3n de los terrenos localizados en el medio rural y espacios periurbanos: <strong>limpieza<\/strong> y <strong>desbroce de montes<\/strong>, <strong>repoblaciones forestales<\/strong>, <strong>tala de madera<\/strong>, <strong>varales de eucalipto<\/strong>, \u00a0<strong>localizaci\u00f3n<\/strong> y <strong>delimitaci\u00f3n de parcelas r\u00fasticas<\/strong>.<\/p>\n<p style=\"text-align: justify;\">Nuestra trayectoria se basa en un trabajo de calidad que cumpla con las expectativas de nuestros clientes, buscando soluciones basadas en la experiencia y en los estudios detallados que realizamos, adecuando la soluci\u00f3n presentada a las caracter\u00edsticas del terreno, condiciones ambientales\u00a0 y a las necesidades del propietario.<\/p>\n<p>[\/vc_column_text][\/vc_column][\/vc_row][vc_row][vc_column width=&#8221;1\/2&#8243;][vc_text_separator title=&#8221;Servicios&#8221; border_width=&#8221;3&#8243; el_width=&#8221;80&#8243;][vc_tta_accordion][vc_tta_section i_icon_fontawesome=&#8221;fa fa-cogs&#8221; title=&#8221;Trabajos de desbroce&#8221; tab_id=&#8221;1463413544686-adc2cdfc-e0cd&#8221; add_icon=&#8221;true&#8221;][vc_column_text]<\/p>\n<p style=\"text-align: justify;\"><img loading=\"lazy\" decoding=\"async\" class=\"alignleft size-full wp-image-129\" src=\"http:\/\/xn--fincasbaobre-hhb.com\/web2\/wp-content\/uploads\/2016\/02\/1.jpg\" alt=\"1\" width=\"259\" height=\"194\" srcset=\"https:\/\/xn--fincasbaobre-hhb.com\/web2\/wp-content\/uploads\/2016\/02\/1.jpg 259w, https:\/\/xn--fincasbaobre-hhb.com\/web2\/wp-content\/uploads\/2016\/02\/1-195x146.jpg 195w, https:\/\/xn--fincasbaobre-hhb.com\/web2\/wp-content\/uploads\/2016\/02\/1-50x37.jpg 50w, https:\/\/xn--fincasbaobre-hhb.com\/web2\/wp-content\/uploads\/2016\/02\/1-100x75.jpg 100w\" sizes=\"auto, (max-width:767px) 259px, 259px\" \/>Desbroce de maleza y restos utilizando para ello tractor con trituradora de martillos m\u00f3viles. Con esta operaci\u00f3n inicial, se garantiza el total desmenuzado\u00a0 de los restos vegetales, permitiendo la adecuada preparaci\u00f3n de la parcela, impidiendo el crecimiento de nueva maleza.<\/p>\n<p>[\/vc_column_text][\/vc_tta_section][vc_tta_section i_icon_fontawesome=&#8221;fa fa-leaf&#8221; title=&#8221;Trabajos de plantaci\u00f3n&#8221; tab_id=&#8221;1463413544687-37c3d608-b7a2&#8243; add_icon=&#8221;true&#8221;][vc_column_text]<\/p>\n<p style=\"text-align: justify;\"><img loading=\"lazy\" decoding=\"async\" class=\"alignleft size-medium wp-image-130\" src=\"http:\/\/xn--fincasbaobre-hhb.com\/web2\/wp-content\/uploads\/2016\/02\/22-300x168.jpg\" alt=\"22\" width=\"300\" height=\"168\" srcset=\"https:\/\/xn--fincasbaobre-hhb.com\/web2\/wp-content\/uploads\/2016\/02\/22.jpg 300w, https:\/\/xn--fincasbaobre-hhb.com\/web2\/wp-content\/uploads\/2016\/02\/22-260x146.jpg 260w, https:\/\/xn--fincasbaobre-hhb.com\/web2\/wp-content\/uploads\/2016\/02\/22-50x28.jpg 50w, https:\/\/xn--fincasbaobre-hhb.com\/web2\/wp-content\/uploads\/2016\/02\/22-134x75.jpg 134w\" sizes=\"auto, (max-width:767px) 300px, 300px\" \/>Los trabajos de plantaci\u00f3n se realizan cumpliendo con las exigencias y necesidades de cada especie forestal (pino, eucalipto, casta\u00f1os, robles y dem\u00e1s especies). Tambi\u00e9n se respetar\u00e1n las distancias con las parcelas colindantes, teniendo en cuenta para ello la categor\u00eda de la parcela colindante, la especie plantada y la legislaci\u00f3n vigente en cada zona.<\/p>\n<p>[\/vc_column_text][\/vc_tta_section][vc_tta_section i_icon_fontawesome=&#8221;fa fa-tree&#8221; title=&#8221;Tala de madera&#8221; tab_id=&#8221;1463413862744-336936f3-a5f4&#8243; add_icon=&#8221;true&#8221;][vc_column_text]<img loading=\"lazy\" decoding=\"async\" class=\"alignleft size-medium wp-image-131\" src=\"http:\/\/xn--fincasbaobre-hhb.com\/web2\/wp-content\/uploads\/2016\/02\/33-300x158.jpg\" alt=\"33\" width=\"300\" height=\"158\" srcset=\"https:\/\/xn--fincasbaobre-hhb.com\/web2\/wp-content\/uploads\/2016\/02\/33-300x158.jpg 300w, https:\/\/xn--fincasbaobre-hhb.com\/web2\/wp-content\/uploads\/2016\/02\/33-260x137.jpg 260w, https:\/\/xn--fincasbaobre-hhb.com\/web2\/wp-content\/uploads\/2016\/02\/33-50x26.jpg 50w, https:\/\/xn--fincasbaobre-hhb.com\/web2\/wp-content\/uploads\/2016\/02\/33-143x75.jpg 143w, https:\/\/xn--fincasbaobre-hhb.com\/web2\/wp-content\/uploads\/2016\/02\/33.jpg 310w\" sizes=\"auto, (max-width:767px) 300px, 300px\" \/>Corta y gesti\u00f3n de todo tipo de madera, realizando una valoraci\u00f3n previa y cumpliendo con los requisitos en materia de seguridad laboral, permisos de tala, etc..[\/vc_column_text][\/vc_tta_section][vc_tta_section i_icon_fontawesome=&#8221;fa fa-bars&#8221; title=&#8221;Corte de varas de eucalipto&#8221; tab_id=&#8221;1463414107345-56e42480-1a89&#8243; add_icon=&#8221;true&#8221;][vc_column_text]<\/p>\n<p style=\"text-align: justify;\"><img loading=\"lazy\" decoding=\"async\" class=\"alignleft size-full wp-image-132\" src=\"http:\/\/xn--fincasbaobre-hhb.com\/web2\/wp-content\/uploads\/2016\/02\/44.jpg\" alt=\"44\" width=\"259\" height=\"194\" srcset=\"https:\/\/xn--fincasbaobre-hhb.com\/web2\/wp-content\/uploads\/2016\/02\/44.jpg 259w, https:\/\/xn--fincasbaobre-hhb.com\/web2\/wp-content\/uploads\/2016\/02\/44-195x146.jpg 195w, https:\/\/xn--fincasbaobre-hhb.com\/web2\/wp-content\/uploads\/2016\/02\/44-50x37.jpg 50w, https:\/\/xn--fincasbaobre-hhb.com\/web2\/wp-content\/uploads\/2016\/02\/44-100x75.jpg 100w\" sizes=\"auto, (max-width:767px) 259px, 259px\" \/>Somos especialistas en la gesti\u00f3n de varas de eucalipto, con un aprovechamiento a corto plazo de este tipo de madera.<\/p>\n<p>[\/vc_column_text][\/vc_tta_section][vc_tta_section i_icon_fontawesome=&#8221;fa fa-map-signs&#8221; title=&#8221;Localizaci\u00f3n y delimitaci\u00f3n de parcelas r\u00fasticas&#8221; tab_id=&#8221;1463414109257-2129f621-efd2&#8243; add_icon=&#8221;true&#8221;][vc_column_text]<\/p>\n<p style=\"text-align: justify;\"><img loading=\"lazy\" decoding=\"async\" class=\"alignleft size-full wp-image-133\" src=\"http:\/\/xn--fincasbaobre-hhb.com\/web2\/wp-content\/uploads\/2016\/02\/55.jpg\" alt=\"55\" width=\"266\" height=\"190\" srcset=\"https:\/\/xn--fincasbaobre-hhb.com\/web2\/wp-content\/uploads\/2016\/02\/55.jpg 266w, https:\/\/xn--fincasbaobre-hhb.com\/web2\/wp-content\/uploads\/2016\/02\/55-204x146.jpg 204w, https:\/\/xn--fincasbaobre-hhb.com\/web2\/wp-content\/uploads\/2016\/02\/55-50x36.jpg 50w, https:\/\/xn--fincasbaobre-hhb.com\/web2\/wp-content\/uploads\/2016\/02\/55-105x75.jpg 105w\" sizes=\"auto, (max-width:767px) 266px, 266px\" \/>Contamos con el servicio de identificaci\u00f3n de parcelas, localizaci\u00f3n y marcaje de los linderos. Regularizaci\u00f3n de situaciones catastrales y formalizaci\u00f3n de los planos de las fincas.<\/p>\n<p>[\/vc_column_text][\/vc_tta_section][\/vc_tta_accordion][\/vc_column][vc_column width=&#8221;1\/2&#8243;][vc_text_separator title=&#8221;Presupuesto&#8221; border_width=&#8221;3&#8243; el_width=&#8221;80&#8243;]\n<div class=\"wpcf7 no-js\" id=\"wpcf7-f214-o1\" lang=\"es-ES\" dir=\"ltr\" data-wpcf7-id=\"214\">\n<div class=\"screen-reader-response\"><p role=\"status\" aria-live=\"polite\" aria-atomic=\"true\"><\/p> <ul><\/ul><\/div>\n<form action=\"\/web2\/wp-json\/wp\/v2\/pages\/90#wpcf7-f214-o1\" method=\"post\" class=\"wpcf7-form init\" aria-label=\"Formulario de contacto\" novalidate=\"novalidate\" data-status=\"init\">\n<fieldset class=\"hidden-fields-container\"><input type=\"hidden\" name=\"_wpcf7\" value=\"214\" \/><input type=\"hidden\" name=\"_wpcf7_version\" value=\"6.1.5\" \/><input type=\"hidden\" name=\"_wpcf7_locale\" value=\"es_ES\" \/><input type=\"hidden\" name=\"_wpcf7_unit_tag\" value=\"wpcf7-f214-o1\" \/><input type=\"hidden\" name=\"_wpcf7_container_post\" value=\"0\" \/><input type=\"hidden\" name=\"_wpcf7_posted_data_hash\" value=\"\" \/><input type=\"hidden\" name=\"_wpcf7_recaptcha_response\" value=\"\" \/>\n<\/fieldset>\n<div style=\"width:50%; float:left;\">\n\t<h3>Datos de contacto\n\t<\/h3>\n\t<p>Nombre y apellidos(requerido)\n\t<\/p>\n\t<p><span class=\"wpcf7-form-control-wrap\" data-name=\"nombre\"><input size=\"40\" maxlength=\"400\" class=\"wpcf7-form-control wpcf7-text wpcf7-validates-as-required\" aria-required=\"true\" aria-invalid=\"false\" value=\"\" type=\"text\" name=\"nombre\" \/><\/span>\n\t<\/p>\n\t<p>N\u00famero de telefono (requerido)\n\t<\/p>\n\t<p><span class=\"wpcf7-form-control-wrap\" data-name=\"telefono\"><input size=\"40\" maxlength=\"400\" class=\"wpcf7-form-control wpcf7-tel wpcf7-text wpcf7-validates-as-tel\" aria-invalid=\"false\" value=\"\" type=\"tel\" name=\"telefono\" \/><\/span>\n\t<\/p>\n\t<p>Correo electr\u00f3nico\n\t<\/p>\n\t<p><span class=\"wpcf7-form-control-wrap\" data-name=\"email-206\"><input size=\"40\" maxlength=\"400\" class=\"wpcf7-form-control wpcf7-email wpcf7-text wpcf7-validates-as-email\" aria-invalid=\"false\" value=\"\" type=\"email\" name=\"email-206\" \/><\/span>\n\t<\/p>\n<\/div>\n<div style=\"width:40%; float:right;\">\n\t<h3>Datos de la finca\n\t<\/h3>\n\t<p>Tipo de finca\n\t<\/p>\n\t<p><span class=\"wpcf7-form-control-wrap\" data-name=\"tipofincades\"><select class=\"wpcf7-form-control wpcf7-select wpcf7-validates-as-required\" aria-required=\"true\" aria-invalid=\"false\" name=\"tipofincades\"><option value=\"\">&#8212;Por favor, elige una opci\u00f3n&#8212;<\/option><option value=\"Urbana\">Urbana<\/option><option value=\"Urbanizable\">Urbanizable<\/option><option value=\"R\u00fastica\">R\u00fastica<\/option><\/select><\/span>\n\t<\/p>\n\t<p>Provincia\n\t<\/p>\n\t<p><span class=\"wpcf7-form-control-wrap\" data-name=\"provincia\"><input size=\"40\" maxlength=\"400\" class=\"wpcf7-form-control wpcf7-text\" aria-invalid=\"false\" value=\"\" type=\"text\" name=\"provincia\" \/><\/span>\n\t<\/p>\n\t<p>Poblaci\u00f3n\n\t<\/p>\n\t<p><span class=\"wpcf7-form-control-wrap\" data-name=\"poblacion\"><input size=\"40\" maxlength=\"400\" class=\"wpcf7-form-control wpcf7-text\" aria-invalid=\"false\" value=\"\" type=\"text\" name=\"poblacion\" \/><\/span>\n\t<\/p>\n<\/div>\n<div style=\"width:100% float:left;\">\n\t<h3>Trabajos a realizar\n\t<\/h3>\n\t<p>Descripci\u00f3n de los trabajos a realizar\n\t<\/p>\n\t<p><span class=\"wpcf7-form-control-wrap\" data-name=\"trabajos\"><textarea cols=\"40\" rows=\"10\" maxlength=\"2000\" class=\"wpcf7-form-control wpcf7-textarea\" aria-invalid=\"false\" name=\"trabajos\"><\/textarea><\/span>\n\t<\/p>\n<\/div>\n<p><span class=\"wpcf7-form-control-wrap wpgdprc\"><span class=\"wpcf7-form-control wpcf7-wpgdprc wpcf7-validates-as-required\"><span class=\"wpcf7-list-item\"><input type=\"checkbox\" name=\"wpgdprc\" value=\"1\" aria-required=\"true\" aria-invalid=\"false\" \/><span class=\"wpcf7-list-item-label\">Al usar este formulario accedes al almacenamiento y gesti\u00f3n de tus datos por parte de esta web.<\/span><\/span><\/span>    <\/span>\n<\/p>\n<p>Introduce el siguiente texto en la casilla para validar el formulario<br \/>\n<input type=\"hidden\" name=\"_wpcf7_captcha_challenge_captcha-778\" value=\"3715438598\" \/><img loading=\"lazy\" decoding=\"async\" class=\"wpcf7-form-control wpcf7-captchac wpcf7-captcha-captcha-778\" width=\"60\" height=\"20\" alt=\"captcha\" src=\"https:\/\/xn--fincasbaobre-hhb.com\/web2\/wp-content\/uploads\/wpcf7_captcha\/3715438598.png\" \/><br \/>\n<span class=\"wpcf7-form-control-wrap\" data-name=\"captcha-778\"><input size=\"4\" maxlength=\"4\" class=\"wpcf7-form-control wpcf7-captchar\" autocomplete=\"off\" aria-invalid=\"false\" value=\"\" type=\"text\" name=\"captcha-778\" \/><\/span>\n<\/p>\n<p><input class=\"wpcf7-form-control wpcf7-submit has-spinner\" type=\"submit\" value=\"Enviar\" \/>\n<\/p><p style=\"display: none !important;\" class=\"akismet-fields-container\" data-prefix=\"_wpcf7_ak_\"><label>&#916;<textarea name=\"_wpcf7_ak_hp_textarea\" cols=\"45\" rows=\"8\" maxlength=\"100\"><\/textarea><\/label><input type=\"hidden\" id=\"ak_js_1\" name=\"_wpcf7_ak_js\" value=\"36\"\/><script>document.getElementById( \"ak_js_1\" ).setAttribute( \"value\", ( new Date() ).getTime() );<\/script><\/p><div class=\"wpcf7-response-output\" aria-hidden=\"true\"><\/div>\n<\/form>\n<\/div>\n[\/vc_column][vc_column][\/vc_column][\/vc_row][vc_row][vc_column][vc_separator border_width=&#8221;3&#8243; el_width=&#8221;80&#8243;][\/vc_column][\/vc_row][vc_row][vc_column][\/vc_column][\/vc_row]<\/p>\n","protected":false},"excerpt":{"rendered":"<p>[vc_row][vc_column][vc_single_image image=&#8221;122&#8243; img_size=&#8221;medium&#8221; alignment=&#8221;center&#8221; style=&#8221;vc_box_shadow_3d&#8221;][\/vc_column][\/vc_row][vc_row][vc_column][vc_separator border_width=&#8221;3&#8243; el_width=&#8221;80&#8243;][\/vc_column][\/vc_row][vc_row][vc_column][vc_column_text] GESTI\u00d3N FORESTAL BA\u00d1OBRE, es una empresa cuyos or\u00edgenes datan de los a\u00f1os cuarenta, donde los antepasados de la familia<span class=\"excerpt-hellip\"> [\u2026]<\/span><\/p>\n","protected":false},"author":1,"featured_media":0,"parent":0,"menu_order":0,"comment_status":"closed","ping_status":"closed","template":"","meta":{"footnotes":""},"class_list":["post-90","page","type-page","status-publish","hentry"],"_links":{"self":[{"href":"https:\/\/xn--fincasbaobre-hhb.com\/web2\/wp-json\/wp\/v2\/pages\/90","targetHints":{"allow":["GET"]}}],"collection":[{"href":"https:\/\/xn--fincasbaobre-hhb.com\/web2\/wp-json\/wp\/v2\/pages"}],"about":[{"href":"https:\/\/xn--fincasbaobre-hhb.com\/web2\/wp-json\/wp\/v2\/types\/page"}],"author":[{"embeddable":true,"href":"https:\/\/xn--fincasbaobre-hhb.com\/web2\/wp-json\/wp\/v2\/users\/1"}],"replies":[{"embeddable":true,"href":"https:\/\/xn--fincasbaobre-hhb.com\/web2\/wp-json\/wp\/v2\/comments?post=90"}],"version-history":[{"count":7,"href":"https:\/\/xn--fincasbaobre-hhb.com\/web2\/wp-json\/wp\/v2\/pages\/90\/revisions"}],"predecessor-version":[{"id":217,"href":"https:\/\/xn--fincasbaobre-hhb.com\/web2\/wp-json\/wp\/v2\/pages\/90\/revisions\/217"}],"wp:attachment":[{"href":"https:\/\/xn--fincasbaobre-hhb.com\/web2\/wp-json\/wp\/v2\/media?parent=90"}],"curies":[{"name":"wp","href":"https:\/\/api.w.org\/{rel}","templated":true}]}}