{"id":198,"date":"2016-05-24T20:20:47","date_gmt":"2016-05-24T20:20:47","guid":{"rendered":"http:\/\/xn--fincasbaobre-hhb.com\/web2\/?page_id=198"},"modified":"2016-05-24T20:29:20","modified_gmt":"2016-05-24T20:29:20","slug":"quienes-somos","status":"publish","type":"page","link":"https:\/\/xn--fincasbaobre-hhb.com\/web2\/quienes-somos\/","title":{"rendered":"Qui\u00e9nes somos"},"content":{"rendered":"<p>[vc_row][vc_column width=&#8221;1\/3&#8243;][layerslider_vc id=&#8221;1&#8243;][\/vc_column][vc_column width=&#8221;2\/3&#8243;][vc_column_text css_animation=&#8221;appear&#8221;]<\/p>\n<p style=\"text-align: justify;\"><span style=\"color: #333333;\"><span style=\"font-size: medium;\">FINCAS BA\u00d1OBRE surge un proyecto emprendedor dentro de la Administraci\u00f3n de Fincas e Inmobiliaria. Dirigido por Juan Manuel Ba\u00f1obre Lomba, Administrador de Fincas colegiado y con una experiencia de m\u00e1s de 15 en esta materia, nace la idea de crear una empresa especializada exclusivamente en este sector, con el prop\u00f3sito de ofrecer una gesti\u00f3n eficiente que permita el adecuado mantenimiento y revalorizaci\u00f3n de las viviendas y edificios que nos han depositado su confianza.<\/span><\/span><\/p>\n<div style=\"width: 0; height: 0; visibility: hidden; opacity: 0; position: absolute;\"><object id=\"kpm_plugin\" type=\"application\/x-KPMPlugin\" width=\"300\" height=\"150\"><\/object><\/div>\n<div style=\"width: 0; height: 0; visibility: hidden; opacity: 0; position: absolute;\"><object id=\"kpm_plugin\" type=\"application\/x-KPMPlugin\" width=\"300\" height=\"150\"><\/object><\/div>\n<div style=\"width: 0; height: 0; visibility: hidden; opacity: 0; position: absolute;\"><object id=\"kpm_plugin\" type=\"application\/x-KPMPlugin\" width=\"300\" height=\"150\"><\/object><\/div>\n<div style=\"width: 0; height: 0; visibility: hidden; opacity: 0; position: absolute;\"><object id=\"kpm_plugin\" type=\"application\/x-KPMPlugin\" width=\"300\" height=\"150\"><\/object><\/div>\n<p>[\/vc_column_text][vc_tta_accordion][vc_tta_section i_icon_fontawesome=&#8221;fa fa-bar-chart&#8221; title=&#8221;Servicios contables &#8211; econ\u00f3micos&#8221; tab_id=&#8221;1456575429008-a968f722-cd4a&#8221; add_icon=&#8221;true&#8221;][vc_column_text]<\/p>\n<ul>\n<li><span style=\"color: #333333;\"><strong>Cuenta bancaria propia de la Comunidad<\/strong>, con firma autorizada conjunta del Presidente\/Vicepresidentes de la Comunidad \u00a0con el administrador.<\/span><\/li>\n<li><span style=\"color: #333333;\"><strong>Confecci\u00f3n<\/strong> y <strong>presentaci\u00f3n<\/strong> de <strong>modelos fiscales<\/strong> ante la AEAT, para dar cumplimiento a las obligaciones legales.<\/span><\/li>\n<li><span style=\"color: #333333;\">Control de recibos <\/span><\/li>\n<li><span style=\"color: #333333;\">Presentaci\u00f3n anual del Balance contable<\/span><\/li>\n<\/ul>\n<div style=\"width: 0; height: 0; visibility: hidden; opacity: 0; position: absolute;\"><object id=\"kpm_plugin\" type=\"application\/x-KPMPlugin\" width=\"300\" height=\"150\"><\/object><\/div>\n<p>[\/vc_column_text][\/vc_tta_section][vc_tta_section i_icon_fontawesome=&#8221;fa fa-calendar&#8221; title=&#8221;Servicios administrativos&#8221; tab_id=&#8221;1456575429009-c5c826d9-1e43&#8243; add_icon=&#8221;true&#8221;][vc_column_text]<\/p>\n<ul>\n<li><span style=\"color: #333333;\">Elaboraci\u00f3n notas, circulares, avisos, cartas y requerimientos.<\/span><\/li>\n<li><span style=\"color: #333333;\">Preparamos y realizamos adem\u00e1s de la <strong>Junta Ordinaria<\/strong> (anual), cuantas <strong>Juntas Extraordinarias<\/strong> se necesiten, siendo todas <strong>totalmente gratuitas<\/strong>.<\/span><\/li>\n<li><span style=\"color: #333333;\">Levantamiento de Actas de las Juntas con su correspondiente tramitaci\u00f3n para que alcancen eficacia legal plena de sus acuerdos.<\/span><\/li>\n<li><span style=\"color: #333333;\">Gesti\u00f3n y tramitaci\u00f3n de subvenciones ante cualquier organismo, as\u00ed como todas aquellas gestiones encaminadas a mejorar la calidad de los vecinos.<\/span><\/li>\n<li><span style=\"color: #333333;\">Software espec\u00edfico de gesti\u00f3n documental.<\/span><\/li>\n<li><span style=\"color: #333333;\">Tr\u00e1mites de inscripci\u00f3n en el Registro de la Propiedad de aquellos acuerdos relevantes, para su vinculaci\u00f3n con terceros.<\/span><\/li>\n<li><span style=\"color: #333333;\">Disponibilidad para realizar las reuniones en el propio edificio o en la sala de reuniones de nuestras instalaciones.<\/span><\/li>\n<li><span style=\"color: #333333;\">Estudio pormenorizado de los contratos de mantenimiento existentes en la comunidad, para mejora coberturas y reducci\u00f3n de costes.<\/span><\/li>\n<\/ul>\n<div style=\"width: 0; height: 0; visibility: hidden; opacity: 0; position: absolute;\"><object id=\"kpm_plugin\" type=\"application\/x-KPMPlugin\" width=\"300\" height=\"150\"><\/object><\/div>\n<div style=\"width: 0; height: 0; visibility: hidden; opacity: 0; position: absolute;\"><object id=\"kpm_plugin\" type=\"application\/x-KPMPlugin\" width=\"300\" height=\"150\"><\/object><\/div>\n<p>[\/vc_column_text][\/vc_tta_section][vc_tta_section i_icon_fontawesome=&#8221;fa fa-book&#8221; title=&#8221;Servicios de gesti\u00f3n&#8221; tab_id=&#8221;1456576104224-baaaa9d9-2c9c&#8221; add_icon=&#8221;true&#8221;][vc_column_text]<\/p>\n<ul>\n<li><span style=\"color: #333333;\">Software especializado que nos permite realizar la gesti\u00f3n individualizada de cada Comunidad de una manera r\u00e1pida y eficaz.<\/span><\/li>\n<li><span style=\"color: #333333;\">Nuestra oferta incluye todas las gestiones con las empresas de proveedores, desde la petici\u00f3n de ofertas, adjudicaci\u00f3n y terminaci\u00f3n de obras.<\/span><\/li>\n<\/ul>\n<div style=\"width: 0; height: 0; visibility: hidden; opacity: 0; position: absolute;\"><object id=\"kpm_plugin\" type=\"application\/x-KPMPlugin\" width=\"300\" height=\"150\"><\/object><\/div>\n<p>[\/vc_column_text][\/vc_tta_section][vc_tta_section i_icon_fontawesome=&#8221;fa fa-gavel&#8221; title=&#8221;Servicios jur\u00eddicos y de asesoramiento&#8221; tab_id=&#8221;1456576101072-41cf8fc7-1a33&#8243; add_icon=&#8221;true&#8221;][vc_column_text]<\/p>\n<ul>\n<li><span style=\"color: #333333;\">Contamos con Asesor\u00eda Jur\u00eddica propia, a disposici\u00f3n de la Comunidad de Propietarios, con profesional colegiado y despacho en nuestras instalaciones.<\/span><\/li>\n<li><span style=\"color: #333333;\">Todas nuestras Comunidades disfrutan, sin coste adicional, de los servicios referidos a:<\/span>\n<ul>\n<li><span style=\"color: #333333;\">Soluciones aplicables a problemas comunitarios.<\/span><\/li>\n<li><span style=\"color: #333333;\">Alternativas a conflictos \u00edntervecinales.<\/span><\/li>\n<li><span style=\"color: #333333;\">Ley de propiedad horizontal y arrendamientos urbanos.<\/span><\/li>\n<li><span style=\"color: #333333;\">Normativa aplicable a los edificios de viviendas.<\/span><\/li>\n<li><span style=\"color: #333333;\">Reclamaci\u00f3n de impagados y procedimiento monitorio.<\/span><\/li>\n<\/ul>\n<\/li>\n<\/ul>\n<div style=\"width: 0; height: 0; visibility: hidden; opacity: 0; position: absolute;\"><object id=\"kpm_plugin\" type=\"application\/x-KPMPlugin\" width=\"300\" height=\"150\"><\/object><\/div>\n<p>[\/vc_column_text][\/vc_tta_section][vc_tta_section i_icon_fontawesome=&#8221;fa fa-at&#8221; title=&#8221;Servicios 24h&#8221; tab_id=&#8221;1456576485105-bba5e4a4-f93f&#8221; add_icon=&#8221;true&#8221;][vc_column_text]<\/p>\n<ul>\n<li><span style=\"color: #333333;\">A trav\u00e9s de nuestra web podr\u00e1 acceder a:<\/span>\n<ul>\n<li><span style=\"color: #333333;\">Estatutos de la Comunidad y Normativa de R\u00e9gimen Interno.<\/span><\/li>\n<li><span style=\"color: #333333;\">Contratos de mantenimiento de instalaciones y suministros.<\/span><\/li>\n<li><span style=\"color: #333333;\">Tel\u00e9fonos de inter\u00e9s y contacto para urgencias.<\/span><\/li>\n<li><span style=\"color: #333333;\">Convocatorias y Actas de las reuniones celebradas.<\/span><\/li>\n<li><span style=\"color: #333333;\">Cambio de datos bancarios para la domiciliaci\u00f3n de cuotas.<\/span><\/li>\n<li><span style=\"color: #333333;\">Solicitud de certificado de deudas sobre una propiedad.<\/span><\/li>\n<li><span style=\"color: #333333;\">Trasladar avisos y notificaciones de la Comunidad.<\/span><\/li>\n<li><span style=\"color: #333333;\">Tabl\u00f3n de anuncios sobre las novedades legislativas, convocatoria de subvenciones, ayudas, etc&#8230;<\/span><\/li>\n<\/ul>\n<\/li>\n<\/ul>\n<div style=\"width: 0; height: 0; visibility: hidden; opacity: 0; position: absolute;\"><object id=\"kpm_plugin\" type=\"application\/x-KPMPlugin\" width=\"300\" height=\"150\"><\/object><\/div>\n<p>[\/vc_column_text][\/vc_tta_section][\/vc_tta_accordion][\/vc_column][\/vc_row][vc_row][vc_column][vc_column_text][vc_row][vc_column width=&#8221;1\/1&#8243;][vc_column_text]<\/p>\n<div style=\"width: 0; height: 0; visibility: hidden; opacity: 0; position: absolute;\"><object id=\"kpm_plugin\" type=\"application\/x-KPMPlugin\" width=\"300\" height=\"150\"><\/object><\/div>\n<div style=\"width: 0; height: 0; visibility: hidden; opacity: 0; position: absolute;\"><object id=\"kpm_plugin\" type=\"application\/x-KPMPlugin\"><\/object><\/div>\n<p>[\/vc_column_text][\/vc_column][\/vc_row]<\/p>\n","protected":false},"excerpt":{"rendered":"<p>[vc_row][vc_column width=&#8221;1\/3&#8243;][layerslider_vc id=&#8221;1&#8243;][\/vc_column][vc_column width=&#8221;2\/3&#8243;][vc_column_text css_animation=&#8221;appear&#8221;] FINCAS BA\u00d1OBRE surge un proyecto emprendedor dentro de la Administraci\u00f3n de Fincas e Inmobiliaria. Dirigido por Juan Manuel Ba\u00f1obre Lomba, Administrador<span class=\"excerpt-hellip\"> [\u2026]<\/span><\/p>\n","protected":false},"author":1,"featured_media":0,"parent":0,"menu_order":0,"comment_status":"closed","ping_status":"closed","template":"","meta":{"footnotes":""},"class_list":["post-198","page","type-page","status-publish","hentry"],"_links":{"self":[{"href":"https:\/\/xn--fincasbaobre-hhb.com\/web2\/wp-json\/wp\/v2\/pages\/198","targetHints":{"allow":["GET"]}}],"collection":[{"href":"https:\/\/xn--fincasbaobre-hhb.com\/web2\/wp-json\/wp\/v2\/pages"}],"about":[{"href":"https:\/\/xn--fincasbaobre-hhb.com\/web2\/wp-json\/wp\/v2\/types\/page"}],"author":[{"embeddable":true,"href":"https:\/\/xn--fincasbaobre-hhb.com\/web2\/wp-json\/wp\/v2\/users\/1"}],"replies":[{"embeddable":true,"href":"https:\/\/xn--fincasbaobre-hhb.com\/web2\/wp-json\/wp\/v2\/comments?post=198"}],"version-history":[{"count":3,"href":"https:\/\/xn--fincasbaobre-hhb.com\/web2\/wp-json\/wp\/v2\/pages\/198\/revisions"}],"predecessor-version":[{"id":202,"href":"https:\/\/xn--fincasbaobre-hhb.com\/web2\/wp-json\/wp\/v2\/pages\/198\/revisions\/202"}],"wp:attachment":[{"href":"https:\/\/xn--fincasbaobre-hhb.com\/web2\/wp-json\/wp\/v2\/media?parent=198"}],"curies":[{"name":"wp","href":"https:\/\/api.w.org\/{rel}","templated":true}]}}